{"id":10,"date":"2025-06-14T08:15:34","date_gmt":"2025-06-14T08:15:34","guid":{"rendered":"https:\/\/proteqt-ev.de\/?page_id=10"},"modified":"2025-07-23T11:31:17","modified_gmt":"2025-07-23T11:31:17","slug":"dein-beitrag","status":"publish","type":"page","link":"https:\/\/proteqt-ev.de\/?page_id=10","title":{"rendered":"Dein Beitrag"},"content":{"rendered":"\n<p class=\"has-base-font-size\" style=\"font-style:normal;font-weight:500\">Ein sicherer Ort f\u00fcr queere und trans* Menschen entsteht nicht von allein.<\/p>\n\n\n\n<p class=\"has-base-font-size\" style=\"font-style:normal;font-weight:500\">Er braucht Engagement, Ressourcen \u2013 und Menschen wie dich. Ob mit Zeit, Geld oder Kontakten: Dein Beitrag macht einen Unterschied.<\/p>\n\n\n\n<h2 class=\"wp-block-heading\"><em>Spenden- Damit wir gemeinsam unserem Ziel n\u00e4her kommen!<\/em><\/h2>\n\n\n\n<p class=\"has-base-font-size\" style=\"font-style:normal;font-weight:500\">Aktuell ben\u00f6tigen wir finanzielle Ressourcen zur Unterst\u00fctzung unserer ehrenamtlichen Arbeit. Mit einer Spende unterst\u00fctzt du u.a.<\/p>\n\n\n\n<ul class=\"wp-block-list\">\n<li class=\"has-base-font-size\" style=\"font-style:normal;font-weight:500\">Supervision und Fortbildung f\u00fcr unser ehrenamtliches Team<\/li>\n\n\n\n<li class=\"has-base-font-size\" style=\"font-style:normal;font-weight:500\">Kosten f\u00fcr den Verein wie Website, rechtliche Beratung, \u00d6ffentlichkeitsarbeit<\/li>\n\n\n\n<li class=\"has-base-font-size\" style=\"font-style:normal;font-weight:500\">Kosten\u00fcbernahme f\u00fcr Pl\u00e4tze in bestehenden Frauenh\u00e4usern f\u00fcr trans* Personen f\u00fcr den Fall, dass eine Kosten\u00fcbernahme durch Beh\u00f6rden nicht m\u00f6glich ist<\/li>\n\n\n\n<li class=\"has-base-font-size\" style=\"font-style:normal;font-weight:500\">Langfristig die Schaffung sicherer R\u00e4ume f\u00fcr alle queeren und insbesondere trans, inter und nichtbin\u00e4re Menschen<\/li>\n<\/ul>\n\n\n\n<p class=\"has-base-font-size\" style=\"font-style:normal;font-weight:500\">Jede Spende hilft \u2013 einmalig oder regelm\u00e4\u00dfig. Schreib uns eine E-Mail f\u00fcr unsere Kontoverbindung. Vielen Dank.<\/p>\n\n\n\n<h2 class=\"wp-block-heading\"><em>Aktiv mitarbeiten<\/em><\/h2>\n\n\n\n<p class=\"has-base-font-size\" style=\"font-style:normal;font-weight:500\">Aktuell gibt es ein Kernteam, das sich w\u00f6chentlich trifft und gemeinsam die zentralen Aktivit\u00e4ten des Vereins steuert und organisiert.<br>Weitere Menschen sind in einer Support-Gruppe organisiert und unterst\u00fctzen bei Bedarf oder f\u00fcr kleinere Aufgaben.<\/p>\n\n\n\n<p class=\"has-base-font-size\" style=\"font-style:normal;font-weight:500\">Wir suchen aktuell vor allem Menschen mit folgenden Kompetenzen und Ressourcen f\u00fcr die Beratung oder aktive Mitarbeit bei den folgenden Bereichen:<br>&#8211;  Prozessbegleitung, Supervision u.\u00e4. f\u00fcr die Mitglieder der Initiative<br>&#8211;  \u00d6ffentlichkeitsarbeit und Fundraising<br>&#8211;  Sozialmanagement und weitere Konzeptentwicklung Tr\u00e4ger- und Einrichtungsstruktur<br>&#8211;  Architektur und Bauplanung f\u00fcr gemeinwohlorientierte Projekte<br>&#8211;  Mitorganisation von Soli-Veranstaltungen<\/p>\n\n\n\n<h2 class=\"wp-block-heading\"><em>Teilen-damit wir sichtbar werden<\/em><\/h2>\n\n\n\n<p class=\"has-base-font-size\" style=\"font-style:normal;font-weight:500\">Nicht jede*r kann Zeit und Geld geben. Aber Sichtbarkeit ist auch eine Form der Unterst\u00fctzung. <br>Was uns hilft:<br>&#8211; Teile unsere Social Media Beitr\u00e4ge<br>&#8211; Erz\u00e4hle anderen Menschen, Gruppen und Strukturen von uns<\/p>\n\n\n\n<h2 class=\"wp-block-heading\"><em>Kontakt und Kooperation<\/em><\/h2>\n\n\n\n<p class=\"has-base-font-size\" style=\"font-style:normal;font-weight:500\">Du hast Fragen, Ideen oder m\u00f6chtest uns kennenlernen?<br>Du m\u00f6chtest als Organisation, Initiative oder Person mit uns austauschen und zusammenarbeiten?<br>Du m\u00f6chtest dich im Kontext deiner Arbeit mit uns vernetzen und dich f\u00fcr unser Ziel engagieren?<\/p>\n\n\n\n<p class=\"has-base-font-size\" style=\"font-style:normal;font-weight:500\">Schreib uns:<br><a href=\"mailto:info@proteqt-ev.de\">info@proteqt-ev.de<\/a><\/p>\n","protected":false},"excerpt":{"rendered":"<p>Ein sicherer Ort f\u00fcr queere und trans* Menschen entsteht nicht von allein. Er braucht Engagement, Ressourcen \u2013 und Menschen wie dich. Ob mit Zeit, Geld oder Kontakten: Dein Beitrag macht einen Unterschied. Spenden- Damit wir gemeinsam unserem Ziel n\u00e4her kommen! Aktuell ben\u00f6tigen wir finanzielle Ressourcen zur Unterst\u00fctzung unserer ehrenamtlichen Arbeit. Mit einer Spende unterst\u00fctzt du&hellip;<\/p>\n","protected":false},"author":1,"featured_media":0,"parent":0,"menu_order":0,"comment_status":"closed","ping_status":"closed","template":"","meta":{"footnotes":""},"class_list":["post-10","page","type-page","status-publish","hentry","description-off"],"_links":{"self":[{"href":"https:\/\/proteqt-ev.de\/index.php?rest_route=\/wp\/v2\/pages\/10","targetHints":{"allow":["GET"]}}],"collection":[{"href":"https:\/\/proteqt-ev.de\/index.php?rest_route=\/wp\/v2\/pages"}],"about":[{"href":"https:\/\/proteqt-ev.de\/index.php?rest_route=\/wp\/v2\/types\/page"}],"author":[{"embeddable":true,"href":"https:\/\/proteqt-ev.de\/index.php?rest_route=\/wp\/v2\/users\/1"}],"replies":[{"embeddable":true,"href":"https:\/\/proteqt-ev.de\/index.php?rest_route=%2Fwp%2Fv2%2Fcomments&post=10"}],"version-history":[{"count":5,"href":"https:\/\/proteqt-ev.de\/index.php?rest_route=\/wp\/v2\/pages\/10\/revisions"}],"predecessor-version":[{"id":134,"href":"https:\/\/proteqt-ev.de\/index.php?rest_route=\/wp\/v2\/pages\/10\/revisions\/134"}],"wp:attachment":[{"href":"https:\/\/proteqt-ev.de\/index.php?rest_route=%2Fwp%2Fv2%2Fmedia&parent=10"}],"curies":[{"name":"wp","href":"https:\/\/api.w.org\/{rel}","templated":true}]}}