{"id":12,"date":"2025-06-14T08:16:15","date_gmt":"2025-06-14T08:16:15","guid":{"rendered":"https:\/\/proteqt-ev.de\/?page_id=12"},"modified":"2025-07-23T11:48:18","modified_gmt":"2025-07-23T11:48:18","slug":"infos-fuer-betroffene","status":"publish","type":"page","link":"https:\/\/proteqt-ev.de\/?page_id=12","title":{"rendered":"Infos f\u00fcr Betroffene"},"content":{"rendered":"\n<p><strong>F\u00fchlst du dich unsicher oder hast du Gewalt erlebt? Du bist nicht allein. <\/strong><\/p>\n\n\n\n<p>Unsere Initiative befindet sich aktuell im Aufbau und kann weder die Beratung noch die aktive Weitervermittlung f\u00fcr von Gewalt betroffene Personen anbieten.\u00a0<br>In aktueller Krisen- oder Notlage gibt es die M\u00f6glichkeit sich an folgende Stellen zur (Erst-)Beratung und\/ oder Weitervermittlung zu wenden.<\/p>\n\n\n\n<p><strong><br>Hier findest du Unterst\u00fctzung:<\/strong><\/p>\n\n\n\n<p><\/p>\n\n\n\n<h2 class=\"wp-block-heading\"><strong>F\u00fcr queere und trans Personen*<\/strong><\/h2>\n\n\n\n<p><strong>rubicon e.V.&nbsp;<\/strong><br>Anti-Gewaltberatung<br><a href=\"https:\/\/rubicon-koeln.de\/beratung\/\">https:\/\/rubicon-koeln.de\/beratung\/<\/a><br>0221-19 446<br>pers\u00f6nlich, online und per Telefon m\u00f6glich&nbsp;Montag, Mittwoch, Donnerstag von 10:00 bis 12:00 Uhr.<br>Au\u00dferdem gibt es unterschiedliche Gruppenangebote (siehe Webseite)<\/p>\n\n\n\n<p><strong>Anyway e.V.<\/strong><br>Jugendberatung (bis 27 Jahre)<br><a href=\"https:\/\/www.anyway-koeln.de\/beratung\/\">https:\/\/www.anyway-koeln.de\/beratung\/<\/a><br>per Mail Termin vereinbaren&nbsp;<a href=\"https:\/\/www.anyway-koeln.de\/beratung\/beratung@anyway-koeln.de\">beratung@anyway-koeln.de<\/a><br>oder per Messenger (Peer to Peer)&nbsp;<a href=\"https:\/\/comingoutundso.de\/\">https:\/\/comingoutundso.de\/<\/a><\/p>\n\n\n\n<p><strong>looks e.V.&nbsp;<\/strong><br>Beratung f\u00fcr junge M\u00e4nner und trans* Personen, die der mann-m\u00e4nnlichen und transidenten Prostitution nachgehen<br><a href=\"https:\/\/www.looks-ev.de\/\">https:\/\/www.looks-ev.de\/<\/a><br><a href=\"mailto:info@looks-ev.de\">info@looks-ev.de<\/a><br>0221 \u2013 240 56 50<br>oder per&nbsp;WhatsApp und Telegram: 0162 \u2013 361 86 23,<br>Dienstag, Mittwoch und Donnerstag von 14:30 bis 18:00 Uhr<\/p>\n\n\n\n<p><\/p>\n\n\n\n<h2 class=\"wp-block-heading\">F\u00fcr Frauen:<\/h2>\n\n\n\n<p><strong>Hilfetelefon Gewalt gegen Frauen<\/strong><br>https:\/\/www.hilfetelefon.de\/<br>0800 116 116 telefonisch oder per Chat<br>rund um die Uhr, 7 Tage die Woche<\/p>\n\n\n\n<p><strong>Hilfeportal und Hilfetelefon Sexueller Missbrauch<\/strong><br>Beratung von Betroffenen und Angeh\u00f6rigen bei Verdachtsf\u00e4llen und sexuellem Kindermissbrauch<br><a href=\"https:\/\/www.hilfe-portal-missbrauch.de\/hilfe-telefon\">https:\/\/www.hilfe-portal-missbrauch.de\/hilfe-telefon<\/a><br>0800 22 55 530<\/p>\n\n\n\n<p><strong>Hilfetelefon Schwangere in Not<\/strong><br>Anonyme Beratung \u2013 auch zur vertraulichen Geburt<br><a href=\"https:\/\/www.hilfetelefon-schwangere.de\/\">https:\/\/www.hilfetelefon-schwangere.de\/<\/a><br>0800 40 40 020<\/p>\n\n\n\n<p><strong>Agisra &nbsp;<\/strong><br>autonome, feministische Informations- und Beratungsstelle&nbsp;von und f\u00fcr Migrantinnen*, gefl\u00fcchtete Frauen*, Schwarze Frauen* und all diejenigen, die von Rassismus betroffen sind<br><a href=\"https:\/\/agisra.org\/beratung\/\">https:\/\/agisra.org\/beratung\/<\/a><br><a href=\"mailto:info@agisra.org\">info@agisra.org<\/a><br>0221 \u2013 124019\/ 1390392<br>telefonische Sprechstunde: Mo und Di von 10:00-15:00 Uhr sowie Do von 10:00-13.00 Uhr<\/p>\n\n\n\n<p><\/p>\n\n\n\n<h2 class=\"wp-block-heading\">F\u00fcr M\u00e4nner:<\/h2>\n\n\n\n<p><strong>Hilfetelefon Gewalt an M\u00e4nnern<\/strong><br><a href=\"https:\/\/www.maennerhilfetelefon.de\/\">https:\/\/www.maennerhilfetelefon.de\/<\/a><strong><br><\/strong>0800 12 39 900&nbsp;<\/p>\n\n\n\n<h2 class=\"wp-block-heading\">F\u00fcr Jugendliche:<\/h2>\n\n\n\n<p><strong>Jugendnotmail<\/strong><br>Beratung von Kindern und Jugendlichen in einer Krise \u2013 per Mail, im Gruppenchat, in offenen Foren und per App<br><a href=\"http:\/\/www.jugenotmail.de\/\">www.jugenotmail.de<\/a><\/p>\n\n\n\n<p><strong>Nummer gegen Kummer Kinder- und Jugendtelefon<\/strong><br><a href=\"https:\/\/www.nummergegenkummer.de\/\">https:\/\/www.nummergegenkummer.de\/<\/a><strong><br><\/strong>116 111 oder 0800 111 0 333 oder im Chat<\/p>\n\n\n\n<p><strong>Sofahopper<\/strong><br>f\u00fcr junge Menschen, die auf der Stra\u00dfe leben per Chat oder Kontaktformular unter<br><a href=\"https:\/\/sofahopper.de\/\">https:\/\/sofahopper.de\/<\/a><\/p>\n\n\n\n<p><strong>Krisenchat<\/strong><br>Online Chat f\u00fcr junge Menschen in Krisen<br><a href=\"https:\/\/krisenchat.de\/\">https:\/\/krisenchat.de<\/a><\/p>\n\n\n\n<p><strong>Don Bosco Club<\/strong><br>Notschlafstelle f\u00fcr Menschen zwischen 18-27 Jahren<br><a href=\"https:\/\/www.don-bosco-club.de\/Unsere-Angebote\/Notschlafstelle\">https:\/\/www.don-bosco-club.de\/Unsere-Angebote\/Notschlafstelle<\/a><br>0151 4076 48 29<br>Anmeldung montags- sonntags ab 7:45 Uhr<\/p>\n\n\n\n<p><\/p>\n\n\n\n<h2 class=\"wp-block-heading\">Bei psychischen Erkrankungen:<\/h2>\n\n\n\n<p><strong>Info Telefon Depression<\/strong><br>Vermittelt Menschen mit Depressionen und Angeh\u00f6rigen den Weg zu Anlaufstellen<br><a href=\"https:\/\/www.deutsche-depressionshilfe.de\/\">https:\/\/www.deutsche-depressionshilfe.de<\/a><br>0800 33 44 533<\/p>\n\n\n\n<p><strong>SeeleFon<\/strong><br>Anlaufstelle f\u00fcr Betroffene mit psychischen Erkrankungen und Angeh\u00f6rige<br><a href=\"https:\/\/www.bapk.de\/angebote\/seelefon.html\">https:\/\/www.bapk.de\/angebote\/seelefon.html<\/a><br>0228 71 00 2424<\/p>\n\n\n\n<p><strong>SeeleFon<\/strong><br>Anlaufstelle f\u00fcr Gefl\u00fcchtete (arabisch, englisch, franz\u00f6sisch)<br><a href=\"https:\/\/www.bapk.de\/angebote\/seelefon.html\">https:\/\/www.bapk.de\/angebote\/seelefon.html<\/a><br>0228 71 00 2425<\/p>\n\n\n\n<p><\/p>\n\n\n\n<h2 class=\"wp-block-heading\">Weitere Angebote:<\/h2>\n\n\n\n<p><strong>Hilfetelefon tatgeneigte Personen<\/strong><br>kostenfrei und anonym<br><a href=\"https:\/\/www.bevor-was-passiert.de\/\">https:\/\/www.bevor-was-passiert.de\/<\/a><br>0800 70 22 240<\/p>\n\n\n\n<p><\/p>\n\n\n\n<h2 class=\"wp-block-heading\">Ermittlung freier Pl\u00e4tze in Frauenh\u00e4usern:<\/h2>\n\n\n\n<p><a href=\"https:\/\/www.frauen-info-netz.de\/\">https:\/\/www.frauen-info-netz.de\/<\/a>&nbsp;oder<br><a href=\"https:\/\/www.frauen-gegen-gewalt.de\/de\/organisationen.html\">https:\/\/www.frauen-gegen-gewalt.de\/de\/organisationen.html<\/a>&nbsp;oder&nbsp;<br><a href=\"https:\/\/www.frauenhaus-suche.de\/\">https:\/\/www.frauenhaus-suche.de\/<\/a><\/p>\n\n\n\n<p><\/p>\n\n\n\n<h2 class=\"wp-block-heading\">Meldestellen:<\/h2>\n\n\n\n<p><\/p>\n\n\n\n<p><strong>Melde- und Informationsstelle Queerfeindlichkeit NRW (MIQ)<\/strong><br><a href=\"https:\/\/www.miq.nrw\/de\">https:\/\/www.miq.nrw\/de<\/a><\/p>\n\n\n\n<p><\/p>\n\n\n\n<div style=\"height:43px\" aria-hidden=\"true\" class=\"wp-block-spacer\"><\/div>\n\n\n\n<h3 class=\"wp-block-heading has-text-align-center\">Z\u00f6gere nicht, dir Hilfe zu holen. <\/h3>\n\n\n\n<p><\/p>\n\n\n\n<p><\/p>\n","protected":false},"excerpt":{"rendered":"<p>F\u00fchlst du dich unsicher oder hast du Gewalt erlebt? Du bist nicht allein. Unsere Initiative befindet sich aktuell im Aufbau und kann weder die Beratung noch die aktive Weitervermittlung f\u00fcr von Gewalt betroffene Personen anbieten.\u00a0In aktueller Krisen- oder Notlage gibt es die M\u00f6glichkeit sich an folgende Stellen zur (Erst-)Beratung und\/ oder Weitervermittlung zu wenden. Hier&hellip;<\/p>\n","protected":false},"author":1,"featured_media":0,"parent":0,"menu_order":0,"comment_status":"closed","ping_status":"closed","template":"","meta":{"footnotes":""},"class_list":["post-12","page","type-page","status-publish","hentry","description-off"],"_links":{"self":[{"href":"https:\/\/proteqt-ev.de\/index.php?rest_route=\/wp\/v2\/pages\/12","targetHints":{"allow":["GET"]}}],"collection":[{"href":"https:\/\/proteqt-ev.de\/index.php?rest_route=\/wp\/v2\/pages"}],"about":[{"href":"https:\/\/proteqt-ev.de\/index.php?rest_route=\/wp\/v2\/types\/page"}],"author":[{"embeddable":true,"href":"https:\/\/proteqt-ev.de\/index.php?rest_route=\/wp\/v2\/users\/1"}],"replies":[{"embeddable":true,"href":"https:\/\/proteqt-ev.de\/index.php?rest_route=%2Fwp%2Fv2%2Fcomments&post=12"}],"version-history":[{"count":17,"href":"https:\/\/proteqt-ev.de\/index.php?rest_route=\/wp\/v2\/pages\/12\/revisions"}],"predecessor-version":[{"id":136,"href":"https:\/\/proteqt-ev.de\/index.php?rest_route=\/wp\/v2\/pages\/12\/revisions\/136"}],"wp:attachment":[{"href":"https:\/\/proteqt-ev.de\/index.php?rest_route=%2Fwp%2Fv2%2Fmedia&parent=12"}],"curies":[{"name":"wp","href":"https:\/\/api.w.org\/{rel}","templated":true}]}}