{"id":14,"date":"2025-06-14T08:19:15","date_gmt":"2025-06-14T08:19:15","guid":{"rendered":"https:\/\/proteqt-ev.de\/?page_id=14"},"modified":"2025-09-14T13:18:04","modified_gmt":"2025-09-14T13:18:04","slug":"kontakt","status":"publish","type":"page","link":"https:\/\/proteqt-ev.de\/?page_id=14","title":{"rendered":"Kontakt"},"content":{"rendered":"\n<h3 class=\"wp-block-heading has-base-font-size\">Du willst mehr \u00fcber unsere Initiative erfahren? Wir sind gerne ansprechbar f\u00fcr alle, die uns bei unserem Ziel unterst\u00fctzen m\u00f6chten!<\/h3>\n\n\n\n<div style=\"height:30px\" aria-hidden=\"true\" class=\"wp-block-spacer\"><\/div>\n\n\n\n<div class=\"wp-block-columns is-layout-flex wp-container-core-columns-is-layout-9d6595d7 wp-block-columns-is-layout-flex\">\n<div class=\"wp-block-column is-layout-flow wp-block-column-is-layout-flow\" style=\"flex-basis:33.33%\">\n<p style=\"font-size:16px\"><strong>proteQt e.V.<\/strong><br>c\/o rubicon e.V.<\/p>\n\n\n\n<p style=\"font-size:16px;font-style:normal;font-weight:500\">Rubensstr. 8-10<br>50676 K\u00f6ln<\/p>\n\n\n\n<p style=\"font-size:16px;font-style:normal;font-weight:500\"><a href=\"mailto:info@proteqt-ev.de\">info@proteqt-ev.de<\/a><br><a href=\"http:\/\/www.proteqt-ev.de\/\">www.proteqt-ev.de<\/a><\/p>\n\n\n\n<p>Instagram: <a href=\"https:\/\/www.instagram.com\/proteqt_ev?igsh=aDlraWhjYXFwcGUx\">@proteqt_ev<\/a><\/p>\n\n\n\n<div style=\"height:40px\" aria-hidden=\"true\" class=\"wp-block-spacer\"><\/div>\n\n\n\n<div class=\"wp-block-group is-vertical is-layout-flex wp-container-core-group-is-layout-8cf370e7 wp-block-group-is-layout-flex\">\n<p><em>Als ehrenamtliche Initiative sind wir aktuell nur \u00fcber E-Mail zu erreichen. Gerne rufen wir schnellstm\u00f6glich zur\u00fcck.<\/em><\/p>\n\n\n\n<p><em>Wir k\u00f6nnen als ehrenamtliche Initiative aktuell keine Beratung und Begleitung anbieten. Auf der Seite \u201eInfos f\u00fcr Betroffene\u201c haben wir deshalb einige Anlaufstellen zusammengestellt<\/em><\/p>\n<\/div>\n<\/div>\n\n\n\n<div class=\"wp-block-column is-layout-flow wp-block-column-is-layout-flow\" style=\"flex-basis:66.66%\">\n<div class=\"wp-block-contact-form-7-contact-form-selector\">\n<div class=\"wpcf7 no-js\" id=\"wpcf7-f155-o1\" lang=\"de-DE\" dir=\"ltr\" data-wpcf7-id=\"155\">\n<div class=\"screen-reader-response\"><p role=\"status\" aria-live=\"polite\" aria-atomic=\"true\"><\/p> <ul><\/ul><\/div>\n<form action=\"\/index.php?rest_route=%2Fwp%2Fv2%2Fpages%2F14#wpcf7-f155-o1\" method=\"post\" class=\"wpcf7-form init\" aria-label=\"Kontaktformular\" novalidate=\"novalidate\" data-status=\"init\">\n<fieldset class=\"hidden-fields-container\"><input type=\"hidden\" name=\"_wpcf7\" value=\"155\" \/><input type=\"hidden\" name=\"_wpcf7_version\" value=\"6.1.1\" \/><input type=\"hidden\" name=\"_wpcf7_locale\" value=\"de_DE\" \/><input type=\"hidden\" name=\"_wpcf7_unit_tag\" value=\"wpcf7-f155-o1\" \/><input type=\"hidden\" name=\"_wpcf7_container_post\" value=\"0\" \/><input type=\"hidden\" name=\"_wpcf7_posted_data_hash\" value=\"\" \/>\n<\/fieldset>\n<p><label> Dein Name<br \/>\n<span class=\"wpcf7-form-control-wrap\" data-name=\"your-name\"><input size=\"40\" maxlength=\"400\" class=\"wpcf7-form-control wpcf7-text wpcf7-validates-as-required\" autocomplete=\"name\" aria-required=\"true\" aria-invalid=\"false\" value=\"\" type=\"text\" name=\"your-name\" \/><\/span> <\/label>\n<\/p>\n<p><label> Deine E-Mail-Adresse<br \/>\n<span class=\"wpcf7-form-control-wrap\" data-name=\"your-email\"><input size=\"40\" maxlength=\"400\" class=\"wpcf7-form-control wpcf7-email wpcf7-validates-as-required wpcf7-text wpcf7-validates-as-email\" autocomplete=\"email\" aria-required=\"true\" aria-invalid=\"false\" value=\"\" type=\"email\" name=\"your-email\" \/><\/span> <\/label>\n<\/p>\n<p><label> Betreff<br \/>\n<span class=\"wpcf7-form-control-wrap\" data-name=\"your-subject\"><input size=\"40\" maxlength=\"400\" class=\"wpcf7-form-control wpcf7-text wpcf7-validates-as-required\" aria-required=\"true\" aria-invalid=\"false\" value=\"\" type=\"text\" name=\"your-subject\" \/><\/span> <\/label>\n<\/p>\n<p><label> Deine Nachricht (optional)<br \/>\n<span class=\"wpcf7-form-control-wrap\" data-name=\"your-message\"><textarea cols=\"40\" rows=\"10\" maxlength=\"2000\" class=\"wpcf7-form-control wpcf7-textarea\" aria-invalid=\"false\" name=\"your-message\"><\/textarea><\/span> <\/label>\n<\/p>\n<p><input class=\"wpcf7-form-control wpcf7-submit has-spinner\" type=\"submit\" value=\"Senden\" \/>\n<\/p><div class=\"wpcf7-response-output\" aria-hidden=\"true\"><\/div>\n<\/form>\n<\/div>\n<\/div>\n<\/div>\n<\/div>\n\n\n\n<p class=\"has-base-font-size\" style=\"font-style:normal;font-weight:500\"><\/p>\n","protected":false},"excerpt":{"rendered":"<p>Du willst mehr \u00fcber unsere Initiative erfahren? Wir sind gerne ansprechbar f\u00fcr alle, die uns bei unserem Ziel unterst\u00fctzen m\u00f6chten! proteQt e.V.c\/o rubicon e.V. Rubensstr. 8-1050676 K\u00f6ln info@proteqt-ev.dewww.proteqt-ev.de Instagram: @proteqt_ev Als ehrenamtliche Initiative sind wir aktuell nur \u00fcber E-Mail zu erreichen. Gerne rufen wir schnellstm\u00f6glich zur\u00fcck. Wir k\u00f6nnen als ehrenamtliche Initiative aktuell keine Beratung und&hellip;<\/p>\n","protected":false},"author":1,"featured_media":0,"parent":0,"menu_order":0,"comment_status":"closed","ping_status":"closed","template":"","meta":{"footnotes":""},"class_list":["post-14","page","type-page","status-publish","hentry","description-off"],"_links":{"self":[{"href":"https:\/\/proteqt-ev.de\/index.php?rest_route=\/wp\/v2\/pages\/14","targetHints":{"allow":["GET"]}}],"collection":[{"href":"https:\/\/proteqt-ev.de\/index.php?rest_route=\/wp\/v2\/pages"}],"about":[{"href":"https:\/\/proteqt-ev.de\/index.php?rest_route=\/wp\/v2\/types\/page"}],"author":[{"embeddable":true,"href":"https:\/\/proteqt-ev.de\/index.php?rest_route=\/wp\/v2\/users\/1"}],"replies":[{"embeddable":true,"href":"https:\/\/proteqt-ev.de\/index.php?rest_route=%2Fwp%2Fv2%2Fcomments&post=14"}],"version-history":[{"count":20,"href":"https:\/\/proteqt-ev.de\/index.php?rest_route=\/wp\/v2\/pages\/14\/revisions"}],"predecessor-version":[{"id":213,"href":"https:\/\/proteqt-ev.de\/index.php?rest_route=\/wp\/v2\/pages\/14\/revisions\/213"}],"wp:attachment":[{"href":"https:\/\/proteqt-ev.de\/index.php?rest_route=%2Fwp%2Fv2%2Fmedia&parent=14"}],"curies":[{"name":"wp","href":"https:\/\/api.w.org\/{rel}","templated":true}]}}