{"id":8,"date":"2025-06-14T08:14:27","date_gmt":"2025-06-14T08:14:27","guid":{"rendered":"https:\/\/proteqt-ev.de\/?page_id=8"},"modified":"2025-07-23T11:47:52","modified_gmt":"2025-07-23T11:47:52","slug":"ueber-uns","status":"publish","type":"page","link":"https:\/\/proteqt-ev.de\/?page_id=8","title":{"rendered":"\u00dcber uns"},"content":{"rendered":"\n<p class=\"has-base-font-size\" style=\"font-style:normal;font-weight:500\"><em>Gemeinsam und solidarisch f\u00fcr ein Leben ohne Gewalt f\u00fcr Alle<\/em><\/p>\n\n\n\n<p class=\"has-base-font-size\" style=\"font-style:normal;font-weight:500\">Anfang 2024 entstand aus einer Initiative Einzelner gemeinsam mit Mitarbeiter*innen des rubicon e.V. ein engagierter Zusammenschluss von Ehrenamtlichen unterschiedlicher Hintergr\u00fcnde \u2013 unter anderem aus der Frauen- und Gewaltschutzberatung, der Beratung f\u00fcr trans* Personen, der queeren Jugendarbeit oder dem ambulant betreuten Wohnen. Manche bringen ihre berufliche Erfahrung ein, andere engagieren sich unabh\u00e4ngig von ihrem Beruf \u2013 vereint durch ein gemeinsames Ziel:<\/p>\n\n\n\n<p class=\"has-base-font-size\" style=\"font-style:normal;font-weight:500\"><em>Wir setzen unsere vielf\u00e4ltigen Perspektiven und Kompetenzen daf\u00fcr ein, einen sicheren, diskriminierungsarmen Raum f\u00fcr queere und trans<\/em><em>Personen zu schaffen \u2013 einen Ort f\u00fcr Schutz, Stabilisierung und neue Perspektiven.<\/em>*<\/p>\n\n\n\n<p class=\"has-base-font-size\" style=\"font-style:normal;font-weight:500\">Gemeinsam haben wir im Fr\u00fchjahr 2025 proteQt e.v. gegr\u00fcndet. Langfristig soll eine neue Gewaltschutzeinrichtung hauptamtlich von qualifizierten Fachkr\u00e4ften getragen und gemeinsam mit ehrenamtlich Engagierten weiterentwickelt und begleitet werden \u2013 immer mit dem Fokus auf die Bedarfe der Bewohner*innen.<\/p>\n\n\n\n<p class=\"has-base-font-size\" style=\"font-style:normal;font-weight:500\">Du m\u00f6chtest mehr zu unserer ehrenamtlichen Arbeit erfahren und hast Interesse, uns zu unterst\u00fctzen? Es gibt vielf\u00e4ltige M\u00f6glichkeiten, sprich uns gerne an!<\/p>\n\n\n\n<p><\/p>\n\n\n\n<p><\/p>\n","protected":false},"excerpt":{"rendered":"<p>Gemeinsam und solidarisch f\u00fcr ein Leben ohne Gewalt f\u00fcr Alle Anfang 2024 entstand aus einer Initiative Einzelner gemeinsam mit Mitarbeiter*innen des rubicon e.V. ein engagierter Zusammenschluss von Ehrenamtlichen unterschiedlicher Hintergr\u00fcnde \u2013 unter anderem aus der Frauen- und Gewaltschutzberatung, der Beratung f\u00fcr trans* Personen, der queeren Jugendarbeit oder dem ambulant betreuten Wohnen. Manche bringen ihre berufliche&hellip;<\/p>\n","protected":false},"author":1,"featured_media":0,"parent":0,"menu_order":0,"comment_status":"closed","ping_status":"closed","template":"","meta":{"footnotes":""},"class_list":["post-8","page","type-page","status-publish","hentry","description-off"],"_links":{"self":[{"href":"https:\/\/proteqt-ev.de\/index.php?rest_route=\/wp\/v2\/pages\/8","targetHints":{"allow":["GET"]}}],"collection":[{"href":"https:\/\/proteqt-ev.de\/index.php?rest_route=\/wp\/v2\/pages"}],"about":[{"href":"https:\/\/proteqt-ev.de\/index.php?rest_route=\/wp\/v2\/types\/page"}],"author":[{"embeddable":true,"href":"https:\/\/proteqt-ev.de\/index.php?rest_route=\/wp\/v2\/users\/1"}],"replies":[{"embeddable":true,"href":"https:\/\/proteqt-ev.de\/index.php?rest_route=%2Fwp%2Fv2%2Fcomments&post=8"}],"version-history":[{"count":2,"href":"https:\/\/proteqt-ev.de\/index.php?rest_route=\/wp\/v2\/pages\/8\/revisions"}],"predecessor-version":[{"id":135,"href":"https:\/\/proteqt-ev.de\/index.php?rest_route=\/wp\/v2\/pages\/8\/revisions\/135"}],"wp:attachment":[{"href":"https:\/\/proteqt-ev.de\/index.php?rest_route=%2Fwp%2Fv2%2Fmedia&parent=8"}],"curies":[{"name":"wp","href":"https:\/\/api.w.org\/{rel}","templated":true}]}}